{"id":191,"date":"2024-11-08T11:13:28","date_gmt":"2024-11-08T10:13:28","guid":{"rendered":"https:\/\/komoaah.cluster027.hosting.ovh.net\/?page_id=191"},"modified":"2025-01-02T08:47:44","modified_gmt":"2025-01-02T07:47:44","slug":"cours-et-workshop","status":"publish","type":"page","link":"https:\/\/komoa.art\/index.php\/cours-et-workshop\/","title":{"rendered":"Cours et workshop"},"content":{"rendered":"\n<p class=\"wp-block-paragraph\"><strong>Cours priv\u00e9<\/strong><br><br>Que vous soyez d\u00e9butant ou d\u00e9j\u00e0 initi\u00e9, je peux vous aider \u00e0 progresser dans votre parcours de rigger. Les \u00e9l\u00e9ments sur lesquels il est possible de travailler sont la construction du takate gote (harnais de buste), le futomomo, le strappado la r\u00e9alisation de pattern sp\u00e9cifique, mais aussi sur la connexion avec un partenaire, les \u00e9l\u00e9ments li\u00e9s au consentement&#8230; ainsi que le wax play, l&rsquo;utilisation de pinces \u00e0 t\u00e9ton ou encore l&rsquo;impact dans le cadre d&rsquo;une session de shibari. Dans tous les cas, les points li\u00e9s \u00e0 la s\u00e9curit\u00e9 sont \u00e9tudi\u00e9s, quelque soit le cours envisag\u00e9, soit de mani\u00e8re sp\u00e9cifique \u00e0 la technique \u00e9tudi\u00e9e, soit de mani\u00e8re g\u00e9n\u00e9rale.<\/p>\n\n\n\n<p class=\"wp-block-paragraph\">Des cours priv\u00e9s sont possibles. Il est n\u00e9cessaire de venir en bin\u00f4me. Avant toute prise de cours, nous devons discuter auparavant de vos objectifs et convenir ensemble du programme qui sera abord\u00e9. A cette occasion, nous discuterons du temps n\u00e9cessaire \u00e0 l&rsquo;acquisition des comp\u00e9tences techniques ou relationnelles que vous recherchez. En fonction du temps \u00e0 consacrer et de la difficult\u00e9 technique, le tarif horaire est susceptible de varier, \u00e0 moins que ne soit convenu ensemble un forfait.<\/p>\n\n\n\n<p class=\"wp-block-paragraph\">Ce tarif est \u00e9galement susceptible d&rsquo;\u00eatre modul\u00e9 en fonction de la n\u00e9cessit\u00e9 que je sois accompagn\u00e9 par un mod\u00e8le.<\/p>\n\n\n\n<p class=\"wp-block-paragraph\">Un cursus complet, en suivant cet ordre, pourrait \u00eatre :<\/p>\n\n\n\n<ul class=\"wp-block-list\">\n<li>Apprentissage du single column tie, double column tie, frictions, manipulation du corps, connexion, utilisation des cordes (tension, type de cordes, crochetage), consentement et aspect s\u00e9curitaire de la pratique du shibari (6 \u00e0 10 heures);<\/li>\n\n\n\n<li>Apprentissage du Takate Gote (harnais de buste) et connexion pour sa r\u00e9alisation (4 heures)<\/li>\n\n\n\n<li>Ichinawa (session avec une seule corde), futomomo, improvisation de patterns (3 heures)<\/li>\n\n\n\n<li>Construction du Strappado et du Tengu (mains attach\u00e9s en aile de poulet) (3 heures)<\/li>\n\n\n\n<li>Erotisme et sexualit\u00e9 dans les cordes (aibunawa) : risques, pratique (crotch rope), connection (4 heures)<\/li>\n\n\n\n<li>Apprentissage li\u00e9 aux techniques de ligne de suspension (4 heures)<\/li>\n\n\n\n<li>Apprentissage du semenawa (technique de contrainte et de douleur dans les cordes), pour une pratique s\u00e9curis\u00e9e (6 heures)<\/li>\n<\/ul>\n\n\n\n<p class=\"wp-block-paragraph\">Le cours se d\u00e9roule avec une partie explication \/ d\u00e9monstration, suivi d&rsquo;exercices supervis\u00e9s. Il est important de comprendre que la r\u00e9p\u00e9tition fait partie int\u00e9grante de l&rsquo;apprentissage et qu&rsquo;en fonction de votre habilet\u00e9, il peut \u00eatre n\u00e9cessaire de reproduire plus d&rsquo;une fois l&rsquo;exercice. Mon objectif est aussi de corriger les \u00e9ventuels gestes \u00ab\u00a0parasites\u00a0\u00bb qui vous emp\u00eachent d&rsquo;\u00eatre fluide dans votre pratique.<\/p>\n\n\n\n<p class=\"wp-block-paragraph\">Dans tous les cas, il est rappel\u00e9 qu&rsquo;avoir suivi un cours ou un worshop, que ce soit avec moi ou avec une autre personne, sans effectuer ensuite un entra\u00eenement r\u00e9gulier, n&rsquo;est pas susceptible de vous faire acqu\u00e9rir la technique en question. Seule la pratique personnelle peut vous faire progresser en tant que rigger. Il faut \u00e9galement prendre en compte que si vous pratiquez r\u00e9guli\u00e8rement avec des partenaires de cordes diff\u00e9rents, vous devez prendre en compte l&rsquo;exp\u00e9rience de votre encord\u00e9 pour adapter votre technique, voire d\u00e9cider de ne pas la mettre en \u0153uvre. <\/p>\n\n\n\n<p class=\"wp-block-paragraph\">Pour chaque cours, il faut en moyenne une vingtaine d&rsquo;heure de pratique r\u00e9guli\u00e8re (3 \u00e0 4 heures par semaine) pour se sentir \u00e0 l&rsquo;aise et consid\u00e9rer la technique comme suffisamment acquise. Il est important de le garder en t\u00eate : la pratique du shibari, \u00e0 l&rsquo;image d&rsquo;un sport ou d&rsquo;un art martial, est une technique impliquant le corps et n\u00e9cessite une r\u00e9p\u00e9tition de geste pour \u00eatre parfaitement int\u00e9gr\u00e9e. Le shibari n&rsquo;est pas une pratique intellectuelle o\u00f9 il faut comprendre avec sa t\u00eate et retenir avec sa m\u00e9moire&#8230; c&rsquo;est une pratique corporelle, qui n\u00e9cessite la conscience de ses actes et des risques engendr\u00e9s pour le partenaire.<\/p>\n\n\n\n<p class=\"wp-block-paragraph\">A titre indicatif, les cours sont donn\u00e9s sur une base minimale de 60 euros de l&rsquo;heure.<\/p>\n\n\n\n<p class=\"wp-block-paragraph\"><strong>Cours collectif et workshop<\/strong><\/p>\n\n\n\n<p class=\"wp-block-paragraph\">Il est possible de suivre des cours collectifs ou des workshops, aux dates et aux lieux, qui sont indiqu\u00e9s dans la rubrique \u00ab\u00a0Actualit\u00e9\u00a0\u00bb.<\/p>\n\n\n\n<p class=\"wp-block-paragraph\">Si vous poss\u00e9dez un espace ou que vous souhaitez organiser des cours collectifs chez vous, ou un workshop sur un th\u00e8me sp\u00e9cifique, n&rsquo;h\u00e9sitez pas \u00e0 me <a href=\"mailto:contact@komoa.eu\" data-type=\"mailto\" data-id=\"mailto:contact@komoa.eu\">contacter<\/a>.<\/p>\n","protected":false},"excerpt":{"rendered":"<p>Cours priv\u00e9 Que vous soyez d\u00e9butant ou d\u00e9j\u00e0 initi\u00e9, je peux vous aider \u00e0 progresser dans votre parcours de rigger. Les \u00e9l\u00e9ments sur lesquels il est possible de travailler sont la construction du takate gote (harnais de buste), le futomomo, le strappado la r\u00e9alisation de pattern sp\u00e9cifique, mais aussi sur [&hellip;]<\/p>\n","protected":false},"author":1,"featured_media":0,"parent":0,"menu_order":0,"comment_status":"closed","ping_status":"closed","template":"","meta":{"_crdt_document":"","footnotes":""},"class_list":["post-191","page","type-page","status-publish","hentry"],"_links":{"self":[{"href":"https:\/\/komoa.art\/index.php\/wp-json\/wp\/v2\/pages\/191","targetHints":{"allow":["GET"]}}],"collection":[{"href":"https:\/\/komoa.art\/index.php\/wp-json\/wp\/v2\/pages"}],"about":[{"href":"https:\/\/komoa.art\/index.php\/wp-json\/wp\/v2\/types\/page"}],"author":[{"embeddable":true,"href":"https:\/\/komoa.art\/index.php\/wp-json\/wp\/v2\/users\/1"}],"replies":[{"embeddable":true,"href":"https:\/\/komoa.art\/index.php\/wp-json\/wp\/v2\/comments?post=191"}],"version-history":[{"count":5,"href":"https:\/\/komoa.art\/index.php\/wp-json\/wp\/v2\/pages\/191\/revisions"}],"predecessor-version":[{"id":313,"href":"https:\/\/komoa.art\/index.php\/wp-json\/wp\/v2\/pages\/191\/revisions\/313"}],"wp:attachment":[{"href":"https:\/\/komoa.art\/index.php\/wp-json\/wp\/v2\/media?parent=191"}],"curies":[{"name":"wp","href":"https:\/\/api.w.org\/{rel}","templated":true}]}}