{"id":199,"date":"2024-11-08T12:00:49","date_gmt":"2024-11-08T11:00:49","guid":{"rendered":"https:\/\/komoaah.cluster027.hosting.ovh.net\/?page_id=199"},"modified":"2025-01-02T08:54:52","modified_gmt":"2025-01-02T07:54:52","slug":"performance-demonstration-ropebang","status":"publish","type":"page","link":"https:\/\/komoa.art\/index.php\/performance-demonstration-ropebang\/","title":{"rendered":"Performance, d\u00e9monstration, ropebang&#8230;"},"content":{"rendered":"\n<p class=\"wp-block-paragraph\"><strong>Performance<\/strong><\/p>\n\n\n\n<p class=\"wp-block-paragraph\">Artiste exp\u00e9riment\u00e9 dans les arts vivants (th\u00e9\u00e2tre, improvisation, musique&#8230;), j&rsquo;ai la capacit\u00e9 \u00e0 produire des performances pour des \u00e9v\u00e9nements bdsm, mais aussi dans des cadres plus conventionnels (ouverture de magasin, d\u00e9fil\u00e9 de mode, salon tout public&#8230;). Pour r\u00e9aliser ce type de prestation, sauf sp\u00e9cificit\u00e9, il est important de pr\u00e9voir un d\u00e9lai de trois mois avant l&rsquo;\u00e9v\u00e9nement pour que nous puissions pr\u00e9parer ensemble les infrastructures techniques et\/ou adapter la performance \u00e0 vos besoins et envies. Une performance dure environ 45 minutes.<\/p>\n\n\n\n<p class=\"wp-block-paragraph\"><strong>D\u00e9monstration<\/strong><\/p>\n\n\n\n<p class=\"wp-block-paragraph\">Il est \u00e9galement possible de r\u00e9aliser des d\u00e9monstrations avec une pr\u00e9sentation de ce qu&rsquo;est le shibari sur le plan technique, s\u00e9curitaire et historique. Ce type de d\u00e9monstration a une dur\u00e9e qui peut osciller entre 45 minutes et deux heures. Il est possible d&rsquo;adjoindre un atelier d&rsquo;initiation \u00e0 ce type de prestation.<\/p>\n\n\n\n<p class=\"wp-block-paragraph\"><strong>Ropebang<\/strong><\/p>\n\n\n\n<p class=\"wp-block-paragraph\">C&rsquo;est une prestation particuli\u00e8re qui est d&rsquo;encorder des personnes volontaires, de mani\u00e8re assez courte, pour leur permettre d&rsquo;avoir un premier contact avec l&rsquo;univers du shibari. Le <em>ropebang<\/em> se r\u00e9alise en public, sauf si un espace priv\u00e9 a \u00e9t\u00e9 am\u00e9nag\u00e9 \u00e0 cet effet. Il s&rsquo;agit donc d&rsquo;une animation id\u00e9ale dans le cadre d&rsquo;un salon de l&rsquo;\u00e9rotisme ou bdsm par exemple. M\u00eame si cette activit\u00e9 n&rsquo;induit pas de connotation sexuelle marqu\u00e9e, il n&rsquo;est pas possible de la pratiquer dans un lieu o\u00f9 des mineurs pourraient \u00eatre pr\u00e9sents, ni dans un lieu o\u00f9 des adultes qui ne seraient pas avertis de la nature de l&rsquo;\u00e9v\u00e9nement pourraient \u00eatre pr\u00e9sents, ceci afin d&rsquo;\u00e9viter toute difficult\u00e9.<\/p>\n\n\n\n<p class=\"wp-block-paragraph\"><strong>Tarif<\/strong><\/p>\n\n\n\n<p class=\"wp-block-paragraph\">Le tarif se n\u00e9gocie au cas par cas en fonction des \u00e9l\u00e9ments de la prestation. Des frais de d\u00e9placement et d&rsquo;h\u00e9bergement peuvent s&rsquo;ajouter en sus. Toute activit\u00e9 fait l&rsquo;objet d&rsquo;une facture.<\/p>\n\n\n\n<p class=\"wp-block-paragraph\"><\/p>\n","protected":false},"excerpt":{"rendered":"<p>Performance Artiste exp\u00e9riment\u00e9 dans les arts vivants (th\u00e9\u00e2tre, improvisation, musique&#8230;), j&rsquo;ai la capacit\u00e9 \u00e0 produire des performances pour des \u00e9v\u00e9nements bdsm, mais aussi dans des cadres plus conventionnels (ouverture de magasin, d\u00e9fil\u00e9 de mode, salon tout public&#8230;). Pour r\u00e9aliser ce type de prestation, sauf sp\u00e9cificit\u00e9, il est important de pr\u00e9voir [&hellip;]<\/p>\n","protected":false},"author":1,"featured_media":0,"parent":0,"menu_order":0,"comment_status":"closed","ping_status":"closed","template":"","meta":{"_crdt_document":"","footnotes":""},"class_list":["post-199","page","type-page","status-publish","hentry"],"_links":{"self":[{"href":"https:\/\/komoa.art\/index.php\/wp-json\/wp\/v2\/pages\/199","targetHints":{"allow":["GET"]}}],"collection":[{"href":"https:\/\/komoa.art\/index.php\/wp-json\/wp\/v2\/pages"}],"about":[{"href":"https:\/\/komoa.art\/index.php\/wp-json\/wp\/v2\/types\/page"}],"author":[{"embeddable":true,"href":"https:\/\/komoa.art\/index.php\/wp-json\/wp\/v2\/users\/1"}],"replies":[{"embeddable":true,"href":"https:\/\/komoa.art\/index.php\/wp-json\/wp\/v2\/comments?post=199"}],"version-history":[{"count":3,"href":"https:\/\/komoa.art\/index.php\/wp-json\/wp\/v2\/pages\/199\/revisions"}],"predecessor-version":[{"id":315,"href":"https:\/\/komoa.art\/index.php\/wp-json\/wp\/v2\/pages\/199\/revisions\/315"}],"wp:attachment":[{"href":"https:\/\/komoa.art\/index.php\/wp-json\/wp\/v2\/media?parent=199"}],"curies":[{"name":"wp","href":"https:\/\/api.w.org\/{rel}","templated":true}]}}