{"id":319,"date":"2025-01-02T09:53:35","date_gmt":"2025-01-02T08:53:35","guid":{"rendered":"https:\/\/komoaah.cluster027.hosting.ovh.net\/?page_id=319"},"modified":"2025-01-02T09:53:38","modified_gmt":"2025-01-02T08:53:38","slug":"session-privee-ecole-du-rope-bunny","status":"publish","type":"page","link":"https:\/\/komoa.art\/index.php\/session-privee-ecole-du-rope-bunny\/","title":{"rendered":"Session priv\u00e9e &#038; Ecole du Rope Bunny"},"content":{"rendered":"\n<p class=\"wp-block-paragraph\"><strong>D\u00e9couvrez l&rsquo;Art du Shibari en Session Priv\u00e9e avec  Komoa<\/strong><\/p>\n\n\n\n<p class=\"wp-block-paragraph\">Que vous soyez d\u00e9butant ou plus exp\u00e9riment\u00e9, seul ou en couple, je vous propose des sessions priv\u00e9es de shibari qui vous plongent dans une exp\u00e9rience personnalis\u00e9e et intime de l&rsquo;art des cordes. Chaque session que j&rsquo;offre est soigneusement adapt\u00e9e pour r\u00e9pondre \u00e0 vos aspirations : que ce soit pour explorer un pattern sp\u00e9cifique, approfondir la compr\u00e9hension des sensations uniques que procure le shibari, ou r\u00e9aliser un fantasme particulier. Dans un espace s\u00e9curis\u00e9 et respectueux, ces moments sont une invitation \u00e0 se connecter profond\u00e9ment avec soi. <\/p>\n\n\n\n<p class=\"wp-block-paragraph\">Les sessions peuvent \u00eatre r\u00e9alis\u00e9es entre nous, en compagnie de personne de confiance qui assisteront \u00e0 la session ou encore avec la participation d&rsquo;une ou plusieurs personnes pour adjoindre des pratiques que vous souhaiteriez dans votre session. C&rsquo;est votre session, c&rsquo;est donc votre choix.<\/p>\n\n\n\n<p class=\"wp-block-paragraph\">R\u00e9servez votre session priv\u00e9e et laissez-vous guider dans un voyage o\u00f9 vos d\u00e9sirs et votre progression dans l&rsquo;art du shibari sont ma seule priorit\u00e9.<\/p>\n\n\n\n<p class=\"wp-block-paragraph\">Chaque session fait l&rsquo;objet d&rsquo;un rendez-vous pr\u00e9alable afin de discuter de son contenu et de ses modalit\u00e9s pratiques. Je peux refuser d&rsquo;ex\u00e9cuter certains actes pour des raisons d&rsquo;hygi\u00e8ne, de s\u00e9curit\u00e9 ou de limites personnelles.<\/p>\n\n\n\n<hr class=\"wp-block-separator has-alpha-channel-opacity\"\/>\n\n\n\n<p class=\"wp-block-paragraph\"><strong>Bienvenue \u00e0 l&rsquo;\u00c9cole du Rope Bunny <\/strong><\/p>\n\n\n\n<p class=\"wp-block-paragraph\">La communication est un aspect primordial de la s\u00e9curit\u00e9 dans le shibari. Celui qui se fait ligoter a une part importante \u00e0 jouer dans sa propre s\u00e9curit\u00e9 car il est le seul \u00e0 pouvoir savoir ce qui se d\u00e9roule dans son corps. Or, apprendre \u00e0 communiquer ses sensations \u00e0 un rigger s&rsquo;apprend. Cela se base sur un vocabulaire, un ensemble de geste \u00e0 acqu\u00e9rir pour v\u00e9rifier le bon d\u00e9roulement de la session, une connaissance de sa capacit\u00e9 \u00e0 \u00ab\u00a0bouger\u00a0\u00bb dans les cordes pour trouver une position adapt\u00e9e \u00e0 son corps et, enfin, un r\u00e9pertoire de sensation pour distinguer celles qui sont \u00ab\u00a0\u00e0 risque\u00a0\u00bb de celles qui ne le sont pas.<\/p>\n\n\n\n<p class=\"wp-block-paragraph\">Il n&rsquo;est pas sain de laisser reposer sur un rigger toute la responsabilit\u00e9 de votre s\u00e9curit\u00e9. Un rope bunny exp\u00e9riment\u00e9 sait d\u00e9celer les pratiques mal maitris\u00e9es par un rigger et peut soit le guider vers une pratique plus s\u00e9curis\u00e9e, soit devoir refuser qu&rsquo;il ex\u00e9cute telle ou telle pratique.<\/p>\n\n\n\n<p class=\"wp-block-paragraph\">Participez \u00e0 mon programme exclusif con\u00e7u pour les aspirants rope bunnies. Au cours de huit s\u00e9ances progressives, je vous initierai \u00e0 l&rsquo;art de se faire ligoter, en mettant un accent particulier sur la s\u00e9curit\u00e9, l&rsquo;apprentissage des gestes essentiels et la reconnaissance des sensations. Chaque session est une \u00e9tape vers la ma\u00eetrise, d\u00e9butant par le floor play et \u00e9voluant graduellement vers des techniques plus avanc\u00e9es pour vous permettre d&rsquo;appr\u00e9hender, au final, les suspensions si votre corps vous le permet. Chacun doit \u00eatre conscient des limites impos\u00e9es par son corps et nous \u00e9tudierons ensemble jusqu&rsquo;o\u00f9 il est possible d&rsquo;aller dans cet apprentissage. <\/p>\n\n\n\n<p class=\"wp-block-paragraph\">Ce programme est id\u00e9al si vous souhaitez explorer en profondeur vos limites et d\u00e9sirs dans un cadre contr\u00f4l\u00e9 et s\u00e9curis\u00e9. Vous apprendrez non seulement les bases du shibari en tant que rope bunny mais aussi comment distinguer les sensations normales des signaux d&rsquo;alerte pour une pratique la moins risqu\u00e9e possible. En outre, vous aurez l&rsquo;opportunit\u00e9 de tester diff\u00e9rentes textures de cordes, techniques de cordes \u00ab\u00a0\u00e0 part\u00a0\u00bb (yeux, bouche, crotch rope&#8230;), ainsi que des introductions au wax play et \u00e0 l&rsquo;impact play si cela vous int\u00e9resse, toujours avec la priorit\u00e9 absolue donn\u00e9e \u00e0 votre bien-\u00eatre et la s\u00e9curit\u00e9. Chacune de ces explorations shibaristiques sont discut\u00e9es avant la session ensemble.<\/p>\n\n\n\n<p class=\"wp-block-paragraph\">Rejoignez-moi pour une aventure \u00e9ducative o\u00f9 chaque n\u0153ud et chaque lien renforcent votre confiance et votre comp\u00e9tence dans l&rsquo;art du shibari.<\/p>\n\n\n\n<p class=\"wp-block-paragraph\"><\/p>\n","protected":false},"excerpt":{"rendered":"<p>D\u00e9couvrez l&rsquo;Art du Shibari en Session Priv\u00e9e avec Komoa Que vous soyez d\u00e9butant ou plus exp\u00e9riment\u00e9, seul ou en couple, je vous propose des sessions priv\u00e9es de shibari qui vous plongent dans une exp\u00e9rience personnalis\u00e9e et intime de l&rsquo;art des cordes. Chaque session que j&rsquo;offre est soigneusement adapt\u00e9e pour r\u00e9pondre [&hellip;]<\/p>\n","protected":false},"author":1,"featured_media":0,"parent":0,"menu_order":0,"comment_status":"closed","ping_status":"closed","template":"","meta":{"_crdt_document":"","footnotes":""},"class_list":["post-319","page","type-page","status-publish","hentry"],"_links":{"self":[{"href":"https:\/\/komoa.art\/index.php\/wp-json\/wp\/v2\/pages\/319","targetHints":{"allow":["GET"]}}],"collection":[{"href":"https:\/\/komoa.art\/index.php\/wp-json\/wp\/v2\/pages"}],"about":[{"href":"https:\/\/komoa.art\/index.php\/wp-json\/wp\/v2\/types\/page"}],"author":[{"embeddable":true,"href":"https:\/\/komoa.art\/index.php\/wp-json\/wp\/v2\/users\/1"}],"replies":[{"embeddable":true,"href":"https:\/\/komoa.art\/index.php\/wp-json\/wp\/v2\/comments?post=319"}],"version-history":[{"count":1,"href":"https:\/\/komoa.art\/index.php\/wp-json\/wp\/v2\/pages\/319\/revisions"}],"predecessor-version":[{"id":320,"href":"https:\/\/komoa.art\/index.php\/wp-json\/wp\/v2\/pages\/319\/revisions\/320"}],"wp:attachment":[{"href":"https:\/\/komoa.art\/index.php\/wp-json\/wp\/v2\/media?parent=319"}],"curies":[{"name":"wp","href":"https:\/\/api.w.org\/{rel}","templated":true}]}}