{"id":297,"date":"2024-11-17T11:40:33","date_gmt":"2024-11-17T10:40:33","guid":{"rendered":"https:\/\/komoaah.cluster027.hosting.ovh.net\/?post_type=product&#038;p=297"},"modified":"2024-11-17T12:27:22","modified_gmt":"2024-11-17T11:27:22","slug":"tenugi","status":"publish","type":"product","link":"https:\/\/komoa.art\/index.php\/produit\/tenugi\/","title":{"rendered":"Tenugi"},"content":{"rendered":"<p>Le tenugi est une bande de tissu utilis\u00e9e pour bander les yeux de votre partenaire.<\/p>\n<p>Les diff\u00e9rents tissus propos\u00e9s sont toujours dans la limite des stocks disponibles. A la fin du stock, il n&rsquo;est pas possible de garantir de retrouver le m\u00eame imprim\u00e9.<\/p>\n<p>Les dimensions sont de 1m x 30 cm, afin de s&rsquo;adapter aux dimensions de tout type de personne. Cette dimension est l\u00e9g\u00e8rement plus grande que le tenugi traditionnel japonais afin de s&rsquo;adapter \u00e0 la morphologie occidentale, en laissant un confort d&rsquo;utilisation plus grand pour le rigger. <\/p>\n","protected":false},"excerpt":{"rendered":"<p>Le tenugi est une bande de tissu utilis\u00e9e pour bander les yeux de votre partenaire. Les diff\u00e9rents tissus propos\u00e9s sont toujours dans la limite des stocks disponibles. A la fin du stock, il n&rsquo;est pas possible de garantir de retrouver le m\u00eame imprim\u00e9. Les dimensions sont de 1m x 30 [&hellip;]<\/p>\n","protected":false},"featured_media":291,"comment_status":"open","ping_status":"closed","template":"","meta":{"_crdt_document":""},"product_brand":[],"product_cat":[36,38],"product_tag":[],"class_list":{"0":"post-297","1":"product","2":"type-product","3":"status-publish","4":"has-post-thumbnail","6":"product_cat-accessoires","7":"product_cat-tenugi","9":"first","10":"onbackorder","11":"shipping-taxable","12":"purchasable","13":"product-type-simple"},"_links":{"self":[{"href":"https:\/\/komoa.art\/index.php\/wp-json\/wp\/v2\/product\/297","targetHints":{"allow":["GET"]}}],"collection":[{"href":"https:\/\/komoa.art\/index.php\/wp-json\/wp\/v2\/product"}],"about":[{"href":"https:\/\/komoa.art\/index.php\/wp-json\/wp\/v2\/types\/product"}],"replies":[{"embeddable":true,"href":"https:\/\/komoa.art\/index.php\/wp-json\/wp\/v2\/comments?post=297"}],"wp:featuredmedia":[{"embeddable":true,"href":"https:\/\/komoa.art\/index.php\/wp-json\/wp\/v2\/media\/291"}],"wp:attachment":[{"href":"https:\/\/komoa.art\/index.php\/wp-json\/wp\/v2\/media?parent=297"}],"wp:term":[{"taxonomy":"product_brand","embeddable":true,"href":"https:\/\/komoa.art\/index.php\/wp-json\/wp\/v2\/product_brand?post=297"},{"taxonomy":"product_cat","embeddable":true,"href":"https:\/\/komoa.art\/index.php\/wp-json\/wp\/v2\/product_cat?post=297"},{"taxonomy":"product_tag","embeddable":true,"href":"https:\/\/komoa.art\/index.php\/wp-json\/wp\/v2\/product_tag?post=297"}],"curies":[{"name":"wp","href":"https:\/\/api.w.org\/{rel}","templated":true}]}}