{"id":300,"date":"2024-11-17T12:03:13","date_gmt":"2024-11-17T11:03:13","guid":{"rendered":"https:\/\/komoaah.cluster027.hosting.ovh.net\/?post_type=product&#038;p=300"},"modified":"2024-11-18T07:48:29","modified_gmt":"2024-11-18T06:48:29","slug":"set-de-6-cordes-de-jute-longueur-8-metres-diametre-55-mm","status":"publish","type":"product","link":"https:\/\/komoa.art\/index.php\/produit\/set-de-6-cordes-de-jute-longueur-8-metres-diametre-55-mm\/","title":{"rendered":"Set de 6 cordes de jute, diam\u00e8tre 5,5 mm, longueur 8 m\u00e8tres"},"content":{"rendered":"<div id=\"attachment_281\" style=\"width: 310px\" class=\"wp-caption alignnone\"><img loading=\"lazy\" decoding=\"async\" aria-describedby=\"caption-attachment-281\" src=\"http:\/\/komoaah.cluster027.hosting.ovh.net\/wp-content\/uploads\/2024\/11\/IMG_20241112_080931_817-300x300.webp\" alt=\"\" width=\"300\" height=\"300\" class=\"size-medium wp-image-281\" srcset=\"https:\/\/komoa.art\/wp-content\/uploads\/2024\/11\/IMG_20241112_080931_817-300x300.webp 300w, https:\/\/komoa.art\/wp-content\/uploads\/2024\/11\/IMG_20241112_080931_817-1024x1024.webp 1024w, https:\/\/komoa.art\/wp-content\/uploads\/2024\/11\/IMG_20241112_080931_817-150x150.webp 150w, https:\/\/komoa.art\/wp-content\/uploads\/2024\/11\/IMG_20241112_080931_817-768x768.webp 768w, https:\/\/komoa.art\/wp-content\/uploads\/2024\/11\/IMG_20241112_080931_817-600x600.webp 600w, https:\/\/komoa.art\/wp-content\/uploads\/2024\/11\/IMG_20241112_080931_817-160x160.webp 160w, https:\/\/komoa.art\/wp-content\/uploads\/2024\/11\/IMG_20241112_080931_817.webp 1500w\" sizes=\"auto, (max-width: 300px) 100vw, 300px\" \/><p id=\"caption-attachment-281\" class=\"wp-caption-text\">Cordes de jute, Amatsunawa, 5,5 mm<\/p><\/div>\n<p>Corde de jute de diam\u00e8tre 5,5 mm, de type Amatsunawa. La corde est \u00ab\u00a0JBO free\u00a0\u00bb et est sp\u00e9cialement trait\u00e9e pour \u00eatre adapt\u00e9e \u00e0 un contact avec la peau. Les torons sont serr\u00e9es. Elles sont adapt\u00e9es \u00e0 des suspensions totales pour des personnes jusqu&rsquo;\u00e0 70 kg. Au-del\u00e0, il faut adapter la pratique. Concernant les semi-suspensions, les cordes sont adapt\u00e9es \u00e0 tout type de personnes. Pour rappel, ces mentions ne sont valables que pour des cordes en bon \u00e9tat et dans un \u00e9tat d&rsquo;usure faible.<\/p>\n<p>Le set contient 6 cordes de jute, ce qui est id\u00e9al pour faire du floor play et d\u00e9marrer la semi-suspension. <\/p>\n<p>Le prix est de 96 euros, soit 16 euros la corde.<\/p>\n","protected":false},"excerpt":{"rendered":"<p>Corde de jute de diam\u00e8tre 5,5 mm, de type Amatsunawa. La corde est \u00ab\u00a0JBO free\u00a0\u00bb et est sp\u00e9cialement trait\u00e9e pour \u00eatre adapt\u00e9e \u00e0 un contact avec la peau. Les torons sont serr\u00e9es. Elles sont adapt\u00e9es \u00e0 des suspensions totales pour des personnes jusqu&rsquo;\u00e0 70 kg. Au-del\u00e0, il faut adapter la [&hellip;]<\/p>\n","protected":false},"featured_media":281,"comment_status":"open","ping_status":"closed","template":"","meta":{"_crdt_document":""},"product_brand":[],"product_cat":[31,35],"product_tag":[44,46,48,43,45],"class_list":{"0":"post-300","1":"product","2":"type-product","3":"status-publish","4":"has-post-thumbnail","6":"product_cat-non-classe","7":"product_cat-cordes-de-jute","8":"product_tag-aibunawa","9":"product_tag-kinbaku","10":"product_tag-predicament","11":"product_tag-semenawa","12":"product_tag-shibari","14":"first","15":"instock","16":"shipping-taxable","17":"purchasable","18":"product-type-simple"},"_links":{"self":[{"href":"https:\/\/komoa.art\/index.php\/wp-json\/wp\/v2\/product\/300","targetHints":{"allow":["GET"]}}],"collection":[{"href":"https:\/\/komoa.art\/index.php\/wp-json\/wp\/v2\/product"}],"about":[{"href":"https:\/\/komoa.art\/index.php\/wp-json\/wp\/v2\/types\/product"}],"replies":[{"embeddable":true,"href":"https:\/\/komoa.art\/index.php\/wp-json\/wp\/v2\/comments?post=300"}],"wp:featuredmedia":[{"embeddable":true,"href":"https:\/\/komoa.art\/index.php\/wp-json\/wp\/v2\/media\/281"}],"wp:attachment":[{"href":"https:\/\/komoa.art\/index.php\/wp-json\/wp\/v2\/media?parent=300"}],"wp:term":[{"taxonomy":"product_brand","embeddable":true,"href":"https:\/\/komoa.art\/index.php\/wp-json\/wp\/v2\/product_brand?post=300"},{"taxonomy":"product_cat","embeddable":true,"href":"https:\/\/komoa.art\/index.php\/wp-json\/wp\/v2\/product_cat?post=300"},{"taxonomy":"product_tag","embeddable":true,"href":"https:\/\/komoa.art\/index.php\/wp-json\/wp\/v2\/product_tag?post=300"}],"curies":[{"name":"wp","href":"https:\/\/api.w.org\/{rel}","templated":true}]}}